{"id":4033,"date":"2019-11-28T14:08:56","date_gmt":"2019-11-28T13:08:56","guid":{"rendered":"http:\/\/neu.constructivealps.net\/criteres\/"},"modified":"2021-11-11T13:09:58","modified_gmt":"2021-11-11T12:09:58","slug":"criteres","status":"publish","type":"page","link":"https:\/\/www.constructivealps.net\/fr\/criteres\/","title":{"rendered":"Crit\u00e8res"},"content":{"rendered":"<p><div class=\"fusion-fullwidth fullwidth-box fusion-builder-row-1 hundred-percent-fullwidth non-hundred-percent-height-scrolling fusion-no-small-visibility fusion-no-medium-visibility\" style=\"background-color: rgba(255,255,255,0.5);background-position: center center;background-repeat: no-repeat;padding-top:0%;padding-right:0%;padding-bottom:0%;padding-left:0%;margin-bottom: 0px;margin-top: 0px;border-width: 0px 0px 0px 0px;border-color:#eae9e9;border-style:solid;\" ><div class=\"fusion-builder-row fusion-row\"><div class=\"fusion-layout-column fusion_builder_column fusion-builder-column-0 fusion_builder_column_1_1 1_1 fusion-one-full fusion-column-first fusion-column-last\" style=\"margin-top:0%;margin-bottom:0%;\"><div class=\"fusion-column-wrapper fusion-flex-column-wrapper-legacy\" style=\"background-position:left top;background-repeat:no-repeat;-webkit-background-size:cover;-moz-background-size:cover;-o-background-size:cover;background-size:cover;background-color:rgba(255,255,255,0.6);padding: 6% 6% 6% 6%;\"><div class=\"fusion-builder-row fusion-builder-row-inner fusion-row\"><div class=\"fusion-layout-column fusion_builder_column_inner fusion-builder-nested-column-0 fusion_builder_column_inner_1_1 1_1 fusion-one-full fusion-column-first fusion-column-last\" style=\"margin-top:0%;margin-bottom:0%;\"><div class=\"fusion-column-wrapper fusion-flex-column-wrapper-legacy\" style=\"background-position:left top;background-repeat:no-repeat;-webkit-background-size:cover;-moz-background-size:cover;-o-background-size:cover;background-size:cover;background-color:#7eab52;padding: 3vh 3% 3% 3%;\"><style type=\"text\/css\"><\/style><div class=\"fusion-title title fusion-title-1 fusion-sep-none fusion-title-center fusion-title-text fusion-title-size-one\" style=\"margin-top:0px;margin-right:0px;margin-bottom:31px;margin-left:0px;\"><h1 class=\"title-heading-center\" style=\"margin:0;color:#000000;\">Crit\u00e8res<\/h1><\/div><style type=\"text\/css\">#accordion-4033-1 .fusion-panel:hover, #accordion-4033-1 .fusion-panel.hover{ background-color: #e4e4e4 } #accordion-4033-1 .fusion-panel { border-color:#919191; border-width:1px; background-color:#ffffff; }.fusion-accordian  #accordion-4033-1 .panel-title a .fa-fusion-box{ color: #ffffff;}.fusion-accordian  #accordion-4033-1 .panel-title a .fa-fusion-box:before{ font-size: 15px; width: 15px;}.fusion-accordian  #accordion-4033-1 .panel-title a{font-size:20px;}.fusion-accordian  #accordion-4033-1 .fa-fusion-box { background-color: #000000;border-color: #000000;}.fusion-accordian  #accordion-4033-1 .panel-title a:hover, #accordion-4033-1 .fusion-toggle-boxed-mode:hover .panel-title a { color: #7eab52;}.fusion-accordian  #accordion-4033-1 .panel-title .active .fa-fusion-box,.fusion-accordian  #accordion-4033-1 .panel-title a:hover .fa-fusion-box { background-color: #7eab52!important;border-color: #7eab52!important;}<\/style><div class=\"accordian fusion-accordian\"><div class=\"panel-group\" id=\"accordion-4033-1\"><div class=\"fusion-panel panel-default fusion-toggle-no-divider fusion-toggle-boxed-mode\"><div class=\"panel-heading\"><h4 class=\"panel-title toggle\"><a class=\"active\" aria-expanded=\"true\" aria-controls=\"d4c6b577467486ae7\" role=\"button\" data-toggle=\"collapse\" data-parent=\"#accordion-4033-1\" data-target=\"#d4c6b577467486ae7\" href=\"#d4c6b577467486ae7\"><span class=\"fusion-toggle-icon-wrapper\" aria-hidden=\"true\"><i class=\"fa-fusion-box\" aria-hidden=\"true\"><\/i><\/span><span class=\"fusion-toggle-heading\">B\u00e2timent<\/span><\/a><\/h4><\/div><div id=\"d4c6b577467486ae7\" class=\"panel-collapse collapse in\"><div class=\"panel-body toggle-content fusion-clearfix\">\nLe prix s\u2019est adress\u00e9 aux b\u00e2timents neufs, et plus particuli\u00e8rement aux r\u00e9novations.<\/div><\/div><\/div><div class=\"fusion-panel panel-default fusion-toggle-no-divider fusion-toggle-boxed-mode\"><div class=\"panel-heading\"><h4 class=\"panel-title toggle\"><a aria-expanded=\"false\" aria-controls=\"677fe07e998ec1649\" role=\"button\" data-toggle=\"collapse\" data-parent=\"#accordion-4033-1\" data-target=\"#677fe07e998ec1649\" href=\"#677fe07e998ec1649\"><span class=\"fusion-toggle-icon-wrapper\" aria-hidden=\"true\"><i class=\"fa-fusion-box\" aria-hidden=\"true\"><\/i><\/span><span class=\"fusion-toggle-heading\">Types de b\u00e2timents<\/span><\/a><\/h4><\/div><div id=\"677fe07e998ec1649\" class=\"panel-collapse collapse \"><div class=\"panel-body toggle-content fusion-clearfix\">\n<p>Tous les types de b\u00e2timents pouvaient \u00eatre soumis : b\u00e2timents priv\u00e9s et publics, habitations, commerciaux et industriels, b\u00e2timents sportifs et de loisirs, b\u00e2timents destin\u00e9s \u00e0 l\u2019approvisionnement, \u00e0 la collecte et au traitement.<\/p>\n<\/div><\/div><\/div><div class=\"fusion-panel panel-default fusion-toggle-no-divider fusion-toggle-boxed-mode\"><div class=\"panel-heading\"><h4 class=\"panel-title toggle\"><a aria-expanded=\"false\" aria-controls=\"cd88941dc6ea9babf\" role=\"button\" data-toggle=\"collapse\" data-parent=\"#accordion-4033-1\" data-target=\"#cd88941dc6ea9babf\" href=\"#cd88941dc6ea9babf\"><span class=\"fusion-toggle-icon-wrapper\" aria-hidden=\"true\"><i class=\"fa-fusion-box\" aria-hidden=\"true\"><\/i><\/span><span class=\"fusion-toggle-heading\">P\u00e9rim\u00e8tre<\/span><\/a><\/h4><\/div><div id=\"cd88941dc6ea9babf\" class=\"panel-collapse collapse \"><div class=\"panel-body toggle-content fusion-clearfix\">\n<p>Le b\u00e2timent est situ\u00e9 dans le p\u00e9rim\u00e8tre de la Convention alpine. (<a href=\"https:\/\/www.atlas.alpconv.org\/maps\/new?layer=geonode:Alpine_Convention_Perimeter_2018_v2&amp;view=True&amp;layer=geonode:Alpine_Convention_Perimeter_2018_v2\" target=\"_blank\" rel=\"noopener noreferrer\">\u00bb carte<\/a>, <a href=\"http:\/\/www.constructivealps.net\/wp-content\/uploads\/2019\/12\/150120_PerimeterAK_vonAK.pdf\">liste<\/a>)<\/p>\n<\/div><\/div><\/div><div class=\"fusion-panel panel-default fusion-toggle-no-divider fusion-toggle-boxed-mode\"><div class=\"panel-heading\"><h4 class=\"panel-title toggle\"><a aria-expanded=\"false\" aria-controls=\"0cfe5889b30824ee3\" role=\"button\" data-toggle=\"collapse\" data-parent=\"#accordion-4033-1\" data-target=\"#0cfe5889b30824ee3\" href=\"#0cfe5889b30824ee3\"><span class=\"fusion-toggle-icon-wrapper\" aria-hidden=\"true\"><i class=\"fa-fusion-box\" aria-hidden=\"true\"><\/i><\/span><span class=\"fusion-toggle-heading\">Ach\u00e8vement<\/span><\/a><\/h4><\/div><div id=\"0cfe5889b30824ee3\" class=\"panel-collapse collapse \"><div class=\"panel-body toggle-content fusion-clearfix\">\n<p>Le b\u00e2timent a \u00e9t\u00e9 achev\u00e9 entre 2017 et 2021.<\/p>\n<\/div><\/div><\/div><div class=\"fusion-panel panel-default fusion-toggle-no-divider fusion-toggle-boxed-mode\"><div class=\"panel-heading\"><h4 class=\"panel-title toggle\"><a aria-expanded=\"false\" aria-controls=\"24efc59376ef11dc9\" role=\"button\" data-toggle=\"collapse\" data-parent=\"#accordion-4033-1\" data-target=\"#24efc59376ef11dc9\" href=\"#24efc59376ef11dc9\"><span class=\"fusion-toggle-icon-wrapper\" aria-hidden=\"true\"><i class=\"fa-fusion-box\" aria-hidden=\"true\"><\/i><\/span><span class=\"fusion-toggle-heading\">Qui peut soumettre ?<\/span><\/a><\/h4><\/div><div id=\"24efc59376ef11dc9\" class=\"panel-collapse collapse \"><div class=\"panel-body toggle-content fusion-clearfix\">\n<p>Le prix s\u2019adresse aux architectes, aux ma\u00eetres d\u2019ouvrage, aux bureaux d\u2019\u00e9tude ou aux exploitants. Les soumissionnaires sont r\u00e9put\u00e9s agir en concertation avec les autres parties prenantes du projet. Ce point ne sera pas v\u00e9rifi\u00e9 par les membres du jury.<\/p>\n<\/div><\/div><\/div><div class=\"fusion-panel panel-default fusion-toggle-no-divider fusion-toggle-boxed-mode\"><div class=\"panel-heading\"><h4 class=\"panel-title toggle\"><a aria-expanded=\"false\" aria-controls=\"613bfb2f3bb3a2740\" role=\"button\" data-toggle=\"collapse\" data-parent=\"#accordion-4033-1\" data-target=\"#613bfb2f3bb3a2740\" href=\"#613bfb2f3bb3a2740\"><span class=\"fusion-toggle-icon-wrapper\" aria-hidden=\"true\"><i class=\"fa-fusion-box\" aria-hidden=\"true\"><\/i><\/span><span class=\"fusion-toggle-heading\">Prix et reconnaissances<\/span><\/a><\/h4><\/div><div id=\"613bfb2f3bb3a2740\" class=\"panel-collapse collapse \"><div class=\"panel-body toggle-content fusion-clearfix\">\n<p>Les prix et reconnaissances ont \u00e9t\u00e9 attribu\u00e9 \u00e0 l\u2019institution ou \u00e0 la soci\u00e9t\u00e9 d\u00e9sign\u00e9es dans le dossier de candidature.<\/p>\n<\/div><\/div><\/div><div class=\"fusion-panel panel-default fusion-toggle-no-divider fusion-toggle-boxed-mode\"><div class=\"panel-heading\"><h4 class=\"panel-title toggle\"><a aria-expanded=\"false\" aria-controls=\"ae7fa0ea3d16f5fa9\" role=\"button\" data-toggle=\"collapse\" data-parent=\"#accordion-4033-1\" data-target=\"#ae7fa0ea3d16f5fa9\" href=\"#ae7fa0ea3d16f5fa9\"><span class=\"fusion-toggle-icon-wrapper\" aria-hidden=\"true\"><i class=\"fa-fusion-box\" aria-hidden=\"true\"><\/i><\/span><span class=\"fusion-toggle-heading\">Documents de soumission<\/span><\/a><\/h4><\/div><div id=\"ae7fa0ea3d16f5fa9\" class=\"panel-collapse collapse \"><div class=\"panel-body toggle-content fusion-clearfix\">\n<div class=\"wpb_column vc_column_container vc_col-sm-6\">\n<div class=\"vc_column-inner\">\n<div class=\"wpb_wrapper\">\n<div class=\"wpb_text_column wpb_content_element \">\n<div class=\"wpb_wrapper\">\n<p>Le dossier de candidature sera envoy\u00e9 dans les d\u00e9lais et d\u00fbment rempli.<\/p>\n<\/div>\n<\/div>\n<\/div>\n<\/div>\n<\/div>\n<div class=\"wpb_column vc_column_container vc_col-sm-6\">\n<div class=\"vc_column-inner\">\n<div class=\"wpb_wrapper\"><\/div>\n<\/div>\n<\/div>\n<\/div><\/div><\/div><\/div><\/div><div class=\"fusion-clearfix\"><\/div><\/div><\/div><\/div><div class=\"fusion-clearfix\"><\/div><\/div><\/div><\/div><\/div><div class=\"fusion-fullwidth fullwidth-box fusion-builder-row-2 hundred-percent-fullwidth non-hundred-percent-height-scrolling fusion-no-large-visibility\" style=\"background-color: rgba(255,255,255,0);background-position: center center;background-repeat: no-repeat;padding-top:0%;padding-right:0%;padding-bottom:0%;padding-left:0%;margin-bottom: 0px;margin-top: 0px;border-width: 0px 0px 0px 0px;border-color:#eae9e9;border-style:solid;\" ><div class=\"fusion-builder-row fusion-row\"><div class=\"fusion-layout-column fusion_builder_column fusion-builder-column-1 fusion_builder_column_1_1 1_1 fusion-one-full fusion-column-first fusion-column-last\" style=\"margin-top:0%;margin-bottom:0%;\"><div class=\"fusion-column-wrapper fusion-flex-column-wrapper-legacy\" style=\"background-position:left top;background-repeat:no-repeat;-webkit-background-size:cover;-moz-background-size:cover;-o-background-size:cover;background-size:cover;background-color:#7eab52;padding: 3vh 6% 6% 6%;\"><style type=\"text\/css\"><\/style><div class=\"fusion-title title fusion-title-2 fusion-sep-none fusion-title-center fusion-title-text fusion-title-size-one\" style=\"margin-top:0px;margin-right:0px;margin-bottom:31px;margin-left:0px;\"><h1 class=\"title-heading-center\" style=\"margin:0;color:#000000;\">Crit\u00e8res<\/h1><\/div><style type=\"text\/css\">#accordion-4033-2 .fusion-panel:hover, #accordion-4033-2 .fusion-panel.hover{ background-color: #e4e4e4 } #accordion-4033-2 .fusion-panel { border-color:#919191; border-width:1px; background-color:#ffffff; }.fusion-accordian  #accordion-4033-2 .panel-title a .fa-fusion-box{ color: #ffffff;}.fusion-accordian  #accordion-4033-2 .panel-title a .fa-fusion-box:before{ font-size: 15px; width: 15px;}.fusion-accordian  #accordion-4033-2 .panel-title a{font-size:20px;}.fusion-accordian  #accordion-4033-2 .fa-fusion-box { background-color: #000000;border-color: #000000;}.fusion-accordian  #accordion-4033-2 .panel-title a:hover, #accordion-4033-2 .fusion-toggle-boxed-mode:hover .panel-title a { color: #7eab52;}.fusion-accordian  #accordion-4033-2 .panel-title .active .fa-fusion-box,.fusion-accordian  #accordion-4033-2 .panel-title a:hover .fa-fusion-box { background-color: #7eab52!important;border-color: #7eab52!important;}<\/style><div class=\"accordian fusion-accordian\"><div class=\"panel-group\" id=\"accordion-4033-2\"><div class=\"fusion-panel panel-default fusion-toggle-no-divider fusion-toggle-boxed-mode\"><div class=\"panel-heading\"><h4 class=\"panel-title toggle\"><a class=\"active\" aria-expanded=\"true\" aria-controls=\"977461ba04d0f3204\" role=\"button\" data-toggle=\"collapse\" data-parent=\"#accordion-4033-2\" data-target=\"#977461ba04d0f3204\" href=\"#977461ba04d0f3204\"><span class=\"fusion-toggle-icon-wrapper\" aria-hidden=\"true\"><i class=\"fa-fusion-box\" aria-hidden=\"true\"><\/i><\/span><span class=\"fusion-toggle-heading\">B\u00e2timent<\/span><\/a><\/h4><\/div><div id=\"977461ba04d0f3204\" class=\"panel-collapse collapse in\"><div class=\"panel-body toggle-content fusion-clearfix\">\n<p>Le prix s&rsquo;adresse en particulier aux r\u00e9novations et aux nouveaux b\u00e2timents.<\/p>\n<\/div><\/div><\/div><div class=\"fusion-panel panel-default fusion-toggle-no-divider fusion-toggle-boxed-mode\"><div class=\"panel-heading\"><h4 class=\"panel-title toggle\"><a aria-expanded=\"false\" aria-controls=\"d6a85afd944569165\" role=\"button\" data-toggle=\"collapse\" data-parent=\"#accordion-4033-2\" data-target=\"#d6a85afd944569165\" href=\"#d6a85afd944569165\"><span class=\"fusion-toggle-icon-wrapper\" aria-hidden=\"true\"><i class=\"fa-fusion-box\" aria-hidden=\"true\"><\/i><\/span><span class=\"fusion-toggle-heading\">Types de b\u00e2timents<\/span><\/a><\/h4><\/div><div id=\"d6a85afd944569165\" class=\"panel-collapse collapse \"><div class=\"panel-body toggle-content fusion-clearfix\">\n<p>Tous les types de b\u00e2timents pouvaient \u00eatre soumis : b\u00e2timents priv\u00e9s et publics, habitations, commerciaux et industriels, b\u00e2timents sportifs et de loisirs, b\u00e2timents destin\u00e9s \u00e0 l\u2019approvisionnement, \u00e0 la collecte et au traitement.<\/p>\n<\/div><\/div><\/div><div class=\"fusion-panel panel-default fusion-toggle-no-divider fusion-toggle-boxed-mode\"><div class=\"panel-heading\"><h4 class=\"panel-title toggle\"><a aria-expanded=\"false\" aria-controls=\"36e635205fc2a7af8\" role=\"button\" data-toggle=\"collapse\" data-parent=\"#accordion-4033-2\" data-target=\"#36e635205fc2a7af8\" href=\"#36e635205fc2a7af8\"><span class=\"fusion-toggle-icon-wrapper\" aria-hidden=\"true\"><i class=\"fa-fusion-box\" aria-hidden=\"true\"><\/i><\/span><span class=\"fusion-toggle-heading\">P\u00e9rim\u00e8tre<\/span><\/a><\/h4><\/div><div id=\"36e635205fc2a7af8\" class=\"panel-collapse collapse \"><div class=\"panel-body toggle-content fusion-clearfix\">\n<p>Le b\u00e2timent est situ\u00e9 dans le p\u00e9rim\u00e8tre de la Convention alpine. (<a href=\"https:\/\/www.atlas.alpconv.org\/maps\/new?layer=geonode:Alpine_Convention_Perimeter_2018_v2&amp;view=True&amp;layer=geonode:Alpine_Convention_Perimeter_2018_v2\" target=\"_blank\" rel=\"noopener noreferrer\">\u00bb carte<\/a>, <a href=\"http:\/\/www.constructivealps.net\/wp-content\/uploads\/2019\/12\/150120_PerimeterAK_vonAK.pdf\">liste<\/a>)<\/p>\n<\/div><\/div><\/div><div class=\"fusion-panel panel-default fusion-toggle-no-divider fusion-toggle-boxed-mode\"><div class=\"panel-heading\"><h4 class=\"panel-title toggle\"><a aria-expanded=\"false\" aria-controls=\"7dedec5f18203df26\" role=\"button\" data-toggle=\"collapse\" data-parent=\"#accordion-4033-2\" data-target=\"#7dedec5f18203df26\" href=\"#7dedec5f18203df26\"><span class=\"fusion-toggle-icon-wrapper\" aria-hidden=\"true\"><i class=\"fa-fusion-box\" aria-hidden=\"true\"><\/i><\/span><span class=\"fusion-toggle-heading\">Ach\u00e8vement<\/span><\/a><\/h4><\/div><div id=\"7dedec5f18203df26\" class=\"panel-collapse collapse \"><div class=\"panel-body toggle-content fusion-clearfix\">\n<p>Le b\u00e2timent a \u00e9t\u00e9 achev\u00e9 entre 2017 et 2021.<\/p>\n<\/div><\/div><\/div><div class=\"fusion-panel panel-default fusion-toggle-no-divider fusion-toggle-boxed-mode\"><div class=\"panel-heading\"><h4 class=\"panel-title toggle\"><a aria-expanded=\"false\" aria-controls=\"8326d055694224c5a\" role=\"button\" data-toggle=\"collapse\" data-parent=\"#accordion-4033-2\" data-target=\"#8326d055694224c5a\" href=\"#8326d055694224c5a\"><span class=\"fusion-toggle-icon-wrapper\" aria-hidden=\"true\"><i class=\"fa-fusion-box\" aria-hidden=\"true\"><\/i><\/span><span class=\"fusion-toggle-heading\">Qui peut soumettre ?<\/span><\/a><\/h4><\/div><div id=\"8326d055694224c5a\" class=\"panel-collapse collapse \"><div class=\"panel-body toggle-content fusion-clearfix\">\n<p>Le prix s\u2019adresse aux architectes, aux ma\u00eetres d\u2019ouvrage, aux bureaux d\u2019\u00e9tude ou aux exploitants. Les soumissionnaires sont r\u00e9put\u00e9s agir en concertation avec les autres parties prenantes du projet. Ce point ne sera pas v\u00e9rifi\u00e9 par les membres du jury.<\/p>\n<\/div><\/div><\/div><div class=\"fusion-panel panel-default fusion-toggle-no-divider fusion-toggle-boxed-mode\"><div class=\"panel-heading\"><h4 class=\"panel-title toggle\"><a aria-expanded=\"false\" aria-controls=\"e29197fbd590599f4\" role=\"button\" data-toggle=\"collapse\" data-parent=\"#accordion-4033-2\" data-target=\"#e29197fbd590599f4\" href=\"#e29197fbd590599f4\"><span class=\"fusion-toggle-icon-wrapper\" aria-hidden=\"true\"><i class=\"fa-fusion-box\" aria-hidden=\"true\"><\/i><\/span><span class=\"fusion-toggle-heading\">Prix et reconnaissances<\/span><\/a><\/h4><\/div><div id=\"e29197fbd590599f4\" class=\"panel-collapse collapse \"><div class=\"panel-body toggle-content fusion-clearfix\">\n<p>Les prix et reconnaissances ont \u00e9t\u00e9 attribu\u00e9 \u00e0 l\u2019institution ou \u00e0 la soci\u00e9t\u00e9 d\u00e9sign\u00e9es dans le dossier de candidature.<\/p>\n<\/div><\/div><\/div><div class=\"fusion-panel panel-default fusion-toggle-no-divider fusion-toggle-boxed-mode\"><div class=\"panel-heading\"><h4 class=\"panel-title toggle\"><a aria-expanded=\"false\" aria-controls=\"1c12c92392e1e5b16\" role=\"button\" data-toggle=\"collapse\" data-parent=\"#accordion-4033-2\" data-target=\"#1c12c92392e1e5b16\" href=\"#1c12c92392e1e5b16\"><span class=\"fusion-toggle-icon-wrapper\" aria-hidden=\"true\"><i class=\"fa-fusion-box\" aria-hidden=\"true\"><\/i><\/span><span class=\"fusion-toggle-heading\">Documents de soumission<\/span><\/a><\/h4><\/div><div id=\"1c12c92392e1e5b16\" class=\"panel-collapse collapse \"><div class=\"panel-body toggle-content fusion-clearfix\">\n<div class=\"wpb_column vc_column_container vc_col-sm-6\">\n<div class=\"vc_column-inner\">\n<div class=\"wpb_wrapper\">\n<div class=\"wpb_text_column wpb_content_element \">\n<div class=\"wpb_wrapper\">\n<p>Le dossier de candidature sera envoy\u00e9 dans les d\u00e9lais et d\u00fbment rempli.<\/p>\n<\/div>\n<\/div>\n<\/div>\n<\/div>\n<\/div>\n<div class=\"wpb_column vc_column_container vc_col-sm-6\">\n<div class=\"vc_column-inner\">\n<div class=\"wpb_wrapper\"><\/div>\n<\/div>\n<\/div>\n<\/div><\/div><\/div><\/div><\/div><div class=\"fusion-clearfix\"><\/div><\/div><\/div><\/div><\/div><\/p>\n","protected":false},"excerpt":{"rendered":"","protected":false},"author":1,"featured_media":0,"parent":0,"menu_order":0,"comment_status":"closed","ping_status":"closed","template":"100-width.php","meta":[],"yoast_head":"<!-- This site is optimized with the Yoast SEO plugin v16.1.1 - https:\/\/yoast.com\/wordpress\/plugins\/seo\/ -->\n<title>Crit\u00e8res | Constructive Alps<\/title>\n<link rel=\"canonical\" href=\"https:\/\/www.constructivealps.net\/fr\/criteres\/\" \/>\n<meta property=\"og:locale\" content=\"fr_FR\" \/>\n<meta property=\"og:type\" content=\"article\" \/>\n<meta property=\"og:title\" content=\"Crit\u00e8res | Constructive Alps\" \/>\n<meta property=\"og:url\" content=\"https:\/\/www.constructivealps.net\/fr\/criteres\/\" \/>\n<meta property=\"og:site_name\" content=\"Constructive Alps\" \/>\n<meta property=\"article:publisher\" content=\"https:\/\/web.facebook.com\/ConstructiveAlps\/\" \/>\n<meta property=\"article:modified_time\" content=\"2021-11-11T12:09:58+00:00\" \/>\n<meta name=\"twitter:card\" content=\"summary_large_image\" \/>\n<meta name=\"twitter:label1\" content=\"Dur\u00e9e de lecture est.\">\n\t<meta name=\"twitter:data1\" content=\"3 minutes\">\n<script type=\"application\/ld+json\" class=\"yoast-schema-graph\">{\"@context\":\"https:\/\/schema.org\",\"@graph\":[{\"@type\":\"Organization\",\"@id\":\"https:\/\/www.constructivealps.net\/#organization\",\"name\":\"Constructive Alps\",\"url\":\"https:\/\/www.constructivealps.net\/\",\"sameAs\":[\"https:\/\/web.facebook.com\/ConstructiveAlps\/\",\"https:\/\/instagram.com\/constructivealps\/\",\"https:\/\/www.pinterest.de\/ConstructiveA\/\"],\"logo\":{\"@type\":\"ImageObject\",\"@id\":\"https:\/\/www.constructivealps.net\/#logo\",\"inLanguage\":\"fr-FR\",\"url\":null,\"contentUrl\":null,\"width\":null,\"height\":null,\"caption\":\"Constructive Alps\"},\"image\":{\"@id\":\"https:\/\/www.constructivealps.net\/#logo\"}},{\"@type\":\"WebSite\",\"@id\":\"https:\/\/www.constructivealps.net\/#website\",\"url\":\"https:\/\/www.constructivealps.net\/\",\"name\":\"Constructive Alps\",\"description\":\"Internationaler Preis f\\u00fcr nachhaltiges Sanieren und Bauen in den Alpen\",\"publisher\":{\"@id\":\"https:\/\/www.constructivealps.net\/#organization\"},\"potentialAction\":[{\"@type\":\"SearchAction\",\"target\":\"https:\/\/www.constructivealps.net\/?s={search_term_string}\",\"query-input\":\"required name=search_term_string\"}],\"inLanguage\":\"fr-FR\"},{\"@type\":\"WebPage\",\"@id\":\"https:\/\/www.constructivealps.net\/fr\/criteres\/#webpage\",\"url\":\"https:\/\/www.constructivealps.net\/fr\/criteres\/\",\"name\":\"Crit\\u00e8res | Constructive Alps\",\"isPartOf\":{\"@id\":\"https:\/\/www.constructivealps.net\/#website\"},\"datePublished\":\"2019-11-28T13:08:56+00:00\",\"dateModified\":\"2021-11-11T12:09:58+00:00\",\"breadcrumb\":{\"@id\":\"https:\/\/www.constructivealps.net\/fr\/criteres\/#breadcrumb\"},\"inLanguage\":\"fr-FR\",\"potentialAction\":[{\"@type\":\"ReadAction\",\"target\":[\"https:\/\/www.constructivealps.net\/fr\/criteres\/\"]}]},{\"@type\":\"BreadcrumbList\",\"@id\":\"https:\/\/www.constructivealps.net\/fr\/criteres\/#breadcrumb\",\"itemListElement\":[{\"@type\":\"ListItem\",\"position\":1,\"item\":{\"@type\":\"WebPage\",\"@id\":\"https:\/\/www.constructivealps.net\/fr\/\",\"url\":\"https:\/\/www.constructivealps.net\/fr\/\",\"name\":\"Startseite\"}},{\"@type\":\"ListItem\",\"position\":2,\"item\":{\"@type\":\"WebPage\",\"@id\":\"https:\/\/www.constructivealps.net\/fr\/criteres\/\",\"url\":\"https:\/\/www.constructivealps.net\/fr\/criteres\/\",\"name\":\"Crit\\u00e8res\"}}]}]}<\/script>\n<!-- \/ Yoast SEO plugin. -->","_links":{"self":[{"href":"https:\/\/www.constructivealps.net\/fr\/wp-json\/wp\/v2\/pages\/4033"}],"collection":[{"href":"https:\/\/www.constructivealps.net\/fr\/wp-json\/wp\/v2\/pages"}],"about":[{"href":"https:\/\/www.constructivealps.net\/fr\/wp-json\/wp\/v2\/types\/page"}],"author":[{"embeddable":true,"href":"https:\/\/www.constructivealps.net\/fr\/wp-json\/wp\/v2\/users\/1"}],"replies":[{"embeddable":true,"href":"https:\/\/www.constructivealps.net\/fr\/wp-json\/wp\/v2\/comments?post=4033"}],"version-history":[{"count":6,"href":"https:\/\/www.constructivealps.net\/fr\/wp-json\/wp\/v2\/pages\/4033\/revisions"}],"predecessor-version":[{"id":8756,"href":"https:\/\/www.constructivealps.net\/fr\/wp-json\/wp\/v2\/pages\/4033\/revisions\/8756"}],"wp:attachment":[{"href":"https:\/\/www.constructivealps.net\/fr\/wp-json\/wp\/v2\/media?parent=4033"}],"curies":[{"name":"wp","href":"https:\/\/api.w.org\/{rel}","templated":true}]}}