{"id":4169,"date":"2019-12-08T19:07:13","date_gmt":"2019-12-08T18:07:13","guid":{"rendered":"http:\/\/neu.constructivealps.net\/impressum\/"},"modified":"2021-01-18T14:39:07","modified_gmt":"2021-01-18T13:39:07","slug":"mentions-legales","status":"publish","type":"page","link":"https:\/\/www.constructivealps.net\/fr\/mentions-legales\/","title":{"rendered":"Mentions l\u00e9gales"},"content":{"rendered":"<div class=\"fusion-fullwidth fullwidth-box fusion-builder-row-1 hundred-percent-fullwidth non-hundred-percent-height-scrolling\" style=\"background-color: rgba(255,255,255,0);background-position: center center;background-repeat: no-repeat;padding-top:0px;padding-right:0px;padding-bottom:0px;padding-left:0px;margin-bottom: 0px;margin-top: 0px;border-width: 0px 0px 0px 0px;border-color:#eae9e9;border-style:solid;\" ><div class=\"fusion-builder-row fusion-row\"><div class=\"fusion-layout-column fusion_builder_column fusion-builder-column-0 fusion_builder_column_1_1 1_1 fusion-one-full fusion-column-first fusion-column-last\" style=\"margin-top:0px;margin-bottom:0px;\"><div class=\"fusion-column-wrapper fusion-flex-column-wrapper-legacy\" style=\"background-position:left top;background-repeat:no-repeat;-webkit-background-size:cover;-moz-background-size:cover;-o-background-size:cover;background-size:cover;background-color:#ffffff;padding: 2.5% 2.5% 2.5% 2.5%;\"><style type=\"text\/css\"><\/style><div class=\"fusion-title title fusion-title-1 sep-underline sep-solid fusion-title-text fusion-title-size-one\" style=\"border-bottom-color:#7eab52;margin-top:0px;margin-right:0px;margin-bottom:31px;margin-left:0px;\"><h1 class=\"title-heading-left\" style=\"margin:0;color:#000000;\"><p style=\"text-align: left;\">Mentions l\u00e9gales<\/p><\/h1><\/div><div class=\"fusion-text fusion-text-1\"><h3>\u00c9diteur<\/h3>\n<p>Office f\u00e9d\u00e9ral du d\u00e9veloppement territorial<br \/>\nWorblentalstrasse 66, 3036 Ittingen, Schweiz<br \/>\ninfo[at]constructivealps.net<\/p>\n<h3 class=\"heading1\">Droits d&rsquo;auteur pour les images<\/h3>\n<p>Les droits d&rsquo;auteur sont indiqu\u00e9s pour les images. La r\u00e9utilisation d\u2019images requiert l\u2019accord du propri\u00e9taire de l\u2019image, toujours mentionn\u00e9, et elle n\u2019est autoris\u00e9e qu\u2019avec la mention des droits d\u2019auteur.<\/p>\n<h3 class=\"heading1\">D\u00e9gagement de responsabilit\u00e9<\/h3>\n<p>Toutes les contributions propos\u00e9es sur ces pages Internet ont \u00e9t\u00e9 \u00e9tablies en toute honn\u00eatet\u00e9 et contr\u00f4l\u00e9es avec le plus grand soin. Cependant, des erreurs ne sont pas totalement in\u00e9vitables. C\u2019est pourquoi toutes les informations donn\u00e9es le sont sans engagement ou garantie de l\u2019\u00e9diteur. Celui-ci n\u2019assume aucune responsabilit\u00e9 pour d\u2019\u00e9ventuelles inexactitudes de fond.<\/p>\n<p>L&rsquo;Office f\u00e9d\u00e9ral du d\u00e9veloppement territorial permet la reprise de textes dans des bases de donn\u00e9es destin\u00e9es \u00e0 une utilisation non-commerciale.<\/p>\n<p>Dans le cadre de ses prestations de services, l&rsquo;Office f\u00e9d\u00e9ral du d\u00e9veloppement territorial ne propose pas seulement ses propres offres WWW mais aussi des liens\/renvois vers d\u2019autres contenus. Elle n\u2019a aucune influence sur la pr\u00e9sentation actuelle et future et sur les contenus de sites WWW donn\u00e9s en lien \/ associ\u00e9s et elle n\u2019assume donc aucune responsabilit\u00e9 par rapport au contenu de ces sites. Elle ne r\u00e9pond pas de l\u2019actualit\u00e9, de l\u2019exactitude, de l\u2019exhaustivit\u00e9 ou de la qualit\u00e9 des informations fournies par des sites \u00e9trangers. L&rsquo;Office f\u00e9d\u00e9ral du d\u00e9veloppement territorial prend express\u00e9ment ses distances par rapport aux contenus irrecevables sur le plan l\u00e9gal figurant sur ces sites.<\/p>\n<\/div><div class=\"fusion-clearfix\"><\/div><\/div><\/div><\/div><\/div>\n","protected":false},"excerpt":{"rendered":"","protected":false},"author":1,"featured_media":0,"parent":0,"menu_order":0,"comment_status":"closed","ping_status":"closed","template":"100-width.php","meta":[],"yoast_head":"<!-- This site is optimized with the Yoast SEO plugin v16.1.1 - https:\/\/yoast.com\/wordpress\/plugins\/seo\/ -->\n<title>Mentions l\u00e9gales | Constructive Alps<\/title>\n<link rel=\"canonical\" href=\"https:\/\/www.constructivealps.net\/fr\/mentions-legales\/\" \/>\n<meta property=\"og:locale\" content=\"fr_FR\" \/>\n<meta property=\"og:type\" content=\"article\" \/>\n<meta property=\"og:title\" content=\"Mentions l\u00e9gales | Constructive Alps\" \/>\n<meta property=\"og:url\" content=\"https:\/\/www.constructivealps.net\/fr\/mentions-legales\/\" \/>\n<meta property=\"og:site_name\" content=\"Constructive Alps\" \/>\n<meta property=\"article:publisher\" content=\"https:\/\/web.facebook.com\/ConstructiveAlps\/\" \/>\n<meta property=\"article:modified_time\" content=\"2021-01-18T13:39:07+00:00\" \/>\n<meta name=\"twitter:card\" content=\"summary_large_image\" \/>\n<meta name=\"twitter:label1\" content=\"Dur\u00e9e de lecture est.\">\n\t<meta name=\"twitter:data1\" content=\"3 minutes\">\n<script type=\"application\/ld+json\" class=\"yoast-schema-graph\">{\"@context\":\"https:\/\/schema.org\",\"@graph\":[{\"@type\":\"Organization\",\"@id\":\"https:\/\/www.constructivealps.net\/#organization\",\"name\":\"Constructive Alps\",\"url\":\"https:\/\/www.constructivealps.net\/\",\"sameAs\":[\"https:\/\/web.facebook.com\/ConstructiveAlps\/\",\"https:\/\/instagram.com\/constructivealps\/\",\"https:\/\/www.pinterest.de\/ConstructiveA\/\"],\"logo\":{\"@type\":\"ImageObject\",\"@id\":\"https:\/\/www.constructivealps.net\/#logo\",\"inLanguage\":\"fr-FR\",\"url\":null,\"contentUrl\":null,\"width\":null,\"height\":null,\"caption\":\"Constructive Alps\"},\"image\":{\"@id\":\"https:\/\/www.constructivealps.net\/#logo\"}},{\"@type\":\"WebSite\",\"@id\":\"https:\/\/www.constructivealps.net\/#website\",\"url\":\"https:\/\/www.constructivealps.net\/\",\"name\":\"Constructive Alps\",\"description\":\"Internationaler Preis f\\u00fcr nachhaltiges Sanieren und Bauen in den Alpen\",\"publisher\":{\"@id\":\"https:\/\/www.constructivealps.net\/#organization\"},\"potentialAction\":[{\"@type\":\"SearchAction\",\"target\":\"https:\/\/www.constructivealps.net\/?s={search_term_string}\",\"query-input\":\"required name=search_term_string\"}],\"inLanguage\":\"fr-FR\"},{\"@type\":\"WebPage\",\"@id\":\"https:\/\/www.constructivealps.net\/fr\/mentions-legales\/#webpage\",\"url\":\"https:\/\/www.constructivealps.net\/fr\/mentions-legales\/\",\"name\":\"Mentions l\\u00e9gales | Constructive Alps\",\"isPartOf\":{\"@id\":\"https:\/\/www.constructivealps.net\/#website\"},\"datePublished\":\"2019-12-08T18:07:13+00:00\",\"dateModified\":\"2021-01-18T13:39:07+00:00\",\"breadcrumb\":{\"@id\":\"https:\/\/www.constructivealps.net\/fr\/mentions-legales\/#breadcrumb\"},\"inLanguage\":\"fr-FR\",\"potentialAction\":[{\"@type\":\"ReadAction\",\"target\":[\"https:\/\/www.constructivealps.net\/fr\/mentions-legales\/\"]}]},{\"@type\":\"BreadcrumbList\",\"@id\":\"https:\/\/www.constructivealps.net\/fr\/mentions-legales\/#breadcrumb\",\"itemListElement\":[{\"@type\":\"ListItem\",\"position\":1,\"item\":{\"@type\":\"WebPage\",\"@id\":\"https:\/\/www.constructivealps.net\/fr\/\",\"url\":\"https:\/\/www.constructivealps.net\/fr\/\",\"name\":\"Startseite\"}},{\"@type\":\"ListItem\",\"position\":2,\"item\":{\"@type\":\"WebPage\",\"@id\":\"https:\/\/www.constructivealps.net\/fr\/mentions-legales\/\",\"url\":\"https:\/\/www.constructivealps.net\/fr\/mentions-legales\/\",\"name\":\"Mentions l\\u00e9gales\"}}]}]}<\/script>\n<!-- \/ Yoast SEO plugin. -->","_links":{"self":[{"href":"https:\/\/www.constructivealps.net\/fr\/wp-json\/wp\/v2\/pages\/4169"}],"collection":[{"href":"https:\/\/www.constructivealps.net\/fr\/wp-json\/wp\/v2\/pages"}],"about":[{"href":"https:\/\/www.constructivealps.net\/fr\/wp-json\/wp\/v2\/types\/page"}],"author":[{"embeddable":true,"href":"https:\/\/www.constructivealps.net\/fr\/wp-json\/wp\/v2\/users\/1"}],"replies":[{"embeddable":true,"href":"https:\/\/www.constructivealps.net\/fr\/wp-json\/wp\/v2\/comments?post=4169"}],"version-history":[{"count":2,"href":"https:\/\/www.constructivealps.net\/fr\/wp-json\/wp\/v2\/pages\/4169\/revisions"}],"predecessor-version":[{"id":7875,"href":"https:\/\/www.constructivealps.net\/fr\/wp-json\/wp\/v2\/pages\/4169\/revisions\/7875"}],"wp:attachment":[{"href":"https:\/\/www.constructivealps.net\/fr\/wp-json\/wp\/v2\/media?parent=4169"}],"curies":[{"name":"wp","href":"https:\/\/api.w.org\/{rel}","templated":true}]}}