{"id":4183,"date":"2019-12-08T19:40:18","date_gmt":"2019-12-08T18:40:18","guid":{"rendered":"http:\/\/neu.constructivealps.net\/impressum\/"},"modified":"2021-01-18T14:28:13","modified_gmt":"2021-01-18T13:28:13","slug":"kolofon","status":"publish","type":"page","link":"https:\/\/www.constructivealps.net\/sl\/kolofon\/","title":{"rendered":"Kolofon"},"content":{"rendered":"<div class=\"fusion-fullwidth fullwidth-box fusion-builder-row-1 hundred-percent-fullwidth non-hundred-percent-height-scrolling\" style=\"background-color: rgba(255,255,255,0);background-position: center center;background-repeat: no-repeat;padding-top:0px;padding-right:0px;padding-bottom:0px;padding-left:0px;margin-bottom: 0px;margin-top: 0px;border-width: 0px 0px 0px 0px;border-color:#eae9e9;border-style:solid;\" ><div class=\"fusion-builder-row fusion-row\"><div class=\"fusion-layout-column fusion_builder_column fusion-builder-column-0 fusion_builder_column_1_1 1_1 fusion-one-full fusion-column-first fusion-column-last\" style=\"margin-top:0px;margin-bottom:0px;\"><div class=\"fusion-column-wrapper fusion-flex-column-wrapper-legacy\" style=\"background-position:left top;background-repeat:no-repeat;-webkit-background-size:cover;-moz-background-size:cover;-o-background-size:cover;background-size:cover;background-color:#ffffff;padding: 2.5% 2.5% 2.5% 2.5%;\"><style type=\"text\/css\"><\/style><div class=\"fusion-title title fusion-title-1 sep-underline sep-solid fusion-title-text fusion-title-size-one\" style=\"border-bottom-color:#7eab52;margin-top:0px;margin-right:0px;margin-bottom:31px;margin-left:0px;\"><h1 class=\"title-heading-left\" style=\"margin:0;color:#000000;\"><p style=\"text-align: left;\">Kolofon<\/p><\/h1><\/div><div class=\"fusion-text fusion-text-1\"><h3>Izdajateljica<\/h3>\n<p>Zvezi urad za prostorski razvoj ARE<br \/>Worblentalstrasse 66, 3036 Ittingen, Schweiz<br \/>info[at]constructivealps.net<\/p>\n<h3 class=\"heading1\">Avtorske pravice za slikovno gradivo<\/h3>\n<p>Avtorske pravice so vsakokrat opredeljene ob objavljenem slikovnem gradivu. Za njegovo nadaljnjo uporabo je potrebno soglasje avtorja, ki je naveden pod gradivom. Slikovno gradivo je dovoljeno uporabljati le z navedbo omenjenih avtorskih in lastni\u0161kih pravic.<\/p>\n<h3 class=\"heading1\">Izklju\u010ditev odgovornosti<\/h3>\n<p>Vsi prispevki, objavljeni na teh spletnih straneh, so pripravljeni po najbolj\u0161i vednosti in preverjeni z najve\u010djo mo\u017eno skrbnostjo, kljub temu pa napak v celoti ni mogo\u010de izklju\u010diti. Zato so vsi podatki in informacije na teh spletnih straneh objavljeni nezavezujo\u010de in brez jamstva za njihovo to\u010dnost. Zvezi urad za prostorski razvoj ARE ne prevzema odgovornosti za morebitne nepravilnosti oz. nepopolnosti vsebine spletnih strani.<\/p>\n<p>Zvezi urad za prostorski razvoj ARE dovoljuje prevzem besedil v datoteke ali zbirke podatkov, ki niso namenjene za uporabo v komercialne namene.<\/p>\n<p>Zvezi urad za prostorski razvoj ARE v okviru svojih storitev na spletnih straneh ne objavlja le lastne informacijske ponudbe, temve\u010d navaja tudi povezave na zunanje spletne vsebine, pri \u010demer nima vpliva na trenutno in prihodnje oblikovanje kot tudi ne na vsebino teh strani. Zaradi tega ne prevzema odgovornosti za vsebino zunanjih strani in ne jam\u010di za aktualnost, pravilnost, popolnost ali kakovost informacij, ki so na voljo prek drugih spletnih povezav. Zvezi urad za prostorski razvoj ARE se izrecno distancira od pravno nedovoljenih vsebin, ki so objavljene na zunanjih spletnih straneh.<\/p>\n<\/div><div class=\"fusion-clearfix\"><\/div><\/div><\/div><\/div><\/div>\n","protected":false},"excerpt":{"rendered":"","protected":false},"author":1,"featured_media":0,"parent":0,"menu_order":0,"comment_status":"closed","ping_status":"closed","template":"100-width.php","meta":[],"yoast_head":"<!-- This site is optimized with the Yoast SEO plugin v16.1.1 - https:\/\/yoast.com\/wordpress\/plugins\/seo\/ -->\n<title>Kolofon | Constructive Alps<\/title>\n<link rel=\"canonical\" href=\"https:\/\/www.constructivealps.net\/sl\/kolofon\/\" \/>\n<meta property=\"og:locale\" content=\"sl_SI\" \/>\n<meta property=\"og:type\" content=\"article\" \/>\n<meta property=\"og:title\" content=\"Kolofon | Constructive Alps\" \/>\n<meta property=\"og:url\" content=\"https:\/\/www.constructivealps.net\/sl\/kolofon\/\" \/>\n<meta property=\"og:site_name\" content=\"Constructive Alps\" \/>\n<meta property=\"article:publisher\" content=\"https:\/\/web.facebook.com\/ConstructiveAlps\/\" \/>\n<meta property=\"article:modified_time\" content=\"2021-01-18T13:28:13+00:00\" \/>\n<meta name=\"twitter:card\" content=\"summary_large_image\" \/>\n<meta name=\"twitter:label1\" content=\"Est. reading time\">\n\t<meta name=\"twitter:data1\" content=\"3 minute\">\n<script type=\"application\/ld+json\" class=\"yoast-schema-graph\">{\"@context\":\"https:\/\/schema.org\",\"@graph\":[{\"@type\":\"Organization\",\"@id\":\"https:\/\/www.constructivealps.net\/#organization\",\"name\":\"Constructive Alps\",\"url\":\"https:\/\/www.constructivealps.net\/\",\"sameAs\":[\"https:\/\/web.facebook.com\/ConstructiveAlps\/\",\"https:\/\/instagram.com\/constructivealps\/\",\"https:\/\/www.pinterest.de\/ConstructiveA\/\"],\"logo\":{\"@type\":\"ImageObject\",\"@id\":\"https:\/\/www.constructivealps.net\/#logo\",\"inLanguage\":\"sl-SI\",\"url\":null,\"contentUrl\":null,\"width\":null,\"height\":null,\"caption\":\"Constructive Alps\"},\"image\":{\"@id\":\"https:\/\/www.constructivealps.net\/#logo\"}},{\"@type\":\"WebSite\",\"@id\":\"https:\/\/www.constructivealps.net\/#website\",\"url\":\"https:\/\/www.constructivealps.net\/\",\"name\":\"Constructive Alps\",\"description\":\"Internationaler Preis f\\u00fcr nachhaltiges Sanieren und Bauen in den Alpen\",\"publisher\":{\"@id\":\"https:\/\/www.constructivealps.net\/#organization\"},\"potentialAction\":[{\"@type\":\"SearchAction\",\"target\":\"https:\/\/www.constructivealps.net\/?s={search_term_string}\",\"query-input\":\"required name=search_term_string\"}],\"inLanguage\":\"sl-SI\"},{\"@type\":\"WebPage\",\"@id\":\"https:\/\/www.constructivealps.net\/sl\/kolofon\/#webpage\",\"url\":\"https:\/\/www.constructivealps.net\/sl\/kolofon\/\",\"name\":\"Kolofon | Constructive Alps\",\"isPartOf\":{\"@id\":\"https:\/\/www.constructivealps.net\/#website\"},\"datePublished\":\"2019-12-08T18:40:18+00:00\",\"dateModified\":\"2021-01-18T13:28:13+00:00\",\"breadcrumb\":{\"@id\":\"https:\/\/www.constructivealps.net\/sl\/kolofon\/#breadcrumb\"},\"inLanguage\":\"sl-SI\",\"potentialAction\":[{\"@type\":\"ReadAction\",\"target\":[\"https:\/\/www.constructivealps.net\/sl\/kolofon\/\"]}]},{\"@type\":\"BreadcrumbList\",\"@id\":\"https:\/\/www.constructivealps.net\/sl\/kolofon\/#breadcrumb\",\"itemListElement\":[{\"@type\":\"ListItem\",\"position\":1,\"item\":{\"@type\":\"WebPage\",\"@id\":\"https:\/\/www.constructivealps.net\/sl\/\",\"url\":\"https:\/\/www.constructivealps.net\/sl\/\",\"name\":\"Startseite\"}},{\"@type\":\"ListItem\",\"position\":2,\"item\":{\"@type\":\"WebPage\",\"@id\":\"https:\/\/www.constructivealps.net\/sl\/kolofon\/\",\"url\":\"https:\/\/www.constructivealps.net\/sl\/kolofon\/\",\"name\":\"Kolofon\"}}]}]}<\/script>\n<!-- \/ Yoast SEO plugin. -->","_links":{"self":[{"href":"https:\/\/www.constructivealps.net\/sl\/wp-json\/wp\/v2\/pages\/4183"}],"collection":[{"href":"https:\/\/www.constructivealps.net\/sl\/wp-json\/wp\/v2\/pages"}],"about":[{"href":"https:\/\/www.constructivealps.net\/sl\/wp-json\/wp\/v2\/types\/page"}],"author":[{"embeddable":true,"href":"https:\/\/www.constructivealps.net\/sl\/wp-json\/wp\/v2\/users\/1"}],"replies":[{"embeddable":true,"href":"https:\/\/www.constructivealps.net\/sl\/wp-json\/wp\/v2\/comments?post=4183"}],"version-history":[{"count":1,"href":"https:\/\/www.constructivealps.net\/sl\/wp-json\/wp\/v2\/pages\/4183\/revisions"}],"predecessor-version":[{"id":7873,"href":"https:\/\/www.constructivealps.net\/sl\/wp-json\/wp\/v2\/pages\/4183\/revisions\/7873"}],"wp:attachment":[{"href":"https:\/\/www.constructivealps.net\/sl\/wp-json\/wp\/v2\/media?parent=4183"}],"curies":[{"name":"wp","href":"https:\/\/api.w.org\/{rel}","templated":true}]}}