{"id":4187,"date":"2019-12-08T19:41:43","date_gmt":"2019-12-08T18:41:43","guid":{"rendered":"http:\/\/neu.constructivealps.net\/kriterien\/"},"modified":"2021-11-11T13:08:43","modified_gmt":"2021-11-11T12:08:43","slug":"kriterij","status":"publish","type":"page","link":"https:\/\/www.constructivealps.net\/sl\/kriterij\/","title":{"rendered":"Kriterij"},"content":{"rendered":"<p><div class=\"fusion-fullwidth fullwidth-box fusion-builder-row-1 hundred-percent-fullwidth non-hundred-percent-height-scrolling fusion-no-small-visibility fusion-no-medium-visibility\" style=\"background-color: rgba(255,255,255,0.5);background-position: center center;background-repeat: no-repeat;padding-top:0%;padding-right:0%;padding-bottom:0%;padding-left:0%;margin-bottom: 0px;margin-top: 0px;border-width: 0px 0px 0px 0px;border-color:#eae9e9;border-style:solid;\" ><div class=\"fusion-builder-row fusion-row\"><div class=\"fusion-layout-column fusion_builder_column fusion-builder-column-0 fusion_builder_column_1_1 1_1 fusion-one-full fusion-column-first fusion-column-last\" style=\"margin-top:0%;margin-bottom:0%;\"><div class=\"fusion-column-wrapper fusion-flex-column-wrapper-legacy\" style=\"background-position:left top;background-repeat:no-repeat;-webkit-background-size:cover;-moz-background-size:cover;-o-background-size:cover;background-size:cover;background-color:rgba(255,255,255,0.6);padding: 6% 6% 6% 6%;\"><div class=\"fusion-builder-row fusion-builder-row-inner fusion-row\"><div class=\"fusion-layout-column fusion_builder_column_inner fusion-builder-nested-column-0 fusion_builder_column_inner_1_1 1_1 fusion-one-full fusion-column-first fusion-column-last\" style=\"margin-top:0%;margin-bottom:0%;\"><div class=\"fusion-column-wrapper fusion-flex-column-wrapper-legacy\" style=\"background-position:left top;background-repeat:no-repeat;-webkit-background-size:cover;-moz-background-size:cover;-o-background-size:cover;background-size:cover;background-color:#7eab52;padding: 3vh 3% 3% 3%;\"><style type=\"text\/css\"><\/style><div class=\"fusion-title title fusion-title-1 fusion-sep-none fusion-title-center fusion-title-text fusion-title-size-one\" style=\"margin-top:0px;margin-right:0px;margin-bottom:31px;margin-left:0px;\"><h1 class=\"title-heading-center\" style=\"margin:0;color:#000000;\">Merila za oddajo projektov<\/h1><\/div><style type=\"text\/css\">#accordion-4187-1 .fusion-panel:hover, #accordion-4187-1 .fusion-panel.hover{ background-color: #e4e4e4 } #accordion-4187-1 .fusion-panel { border-color:#919191; border-width:1px; background-color:#ffffff; }.fusion-accordian  #accordion-4187-1 .panel-title a .fa-fusion-box{ color: #ffffff;}.fusion-accordian  #accordion-4187-1 .panel-title a .fa-fusion-box:before{ font-size: 15px; width: 15px;}.fusion-accordian  #accordion-4187-1 .panel-title a{font-size:20px;}.fusion-accordian  #accordion-4187-1 .fa-fusion-box { background-color: #000000;border-color: #000000;}.fusion-accordian  #accordion-4187-1 .panel-title a:hover, #accordion-4187-1 .fusion-toggle-boxed-mode:hover .panel-title a { color: #7eab52;}.fusion-accordian  #accordion-4187-1 .panel-title .active .fa-fusion-box,.fusion-accordian  #accordion-4187-1 .panel-title a:hover .fa-fusion-box { background-color: #7eab52!important;border-color: #7eab52!important;}<\/style><div class=\"accordian fusion-accordian\"><div class=\"panel-group\" id=\"accordion-4187-1\"><div class=\"fusion-panel panel-default fusion-toggle-no-divider fusion-toggle-boxed-mode\"><div class=\"panel-heading\"><h4 class=\"panel-title toggle\"><a class=\"active\" aria-expanded=\"true\" aria-controls=\"88c5e29da1fc64c7a\" role=\"button\" data-toggle=\"collapse\" data-parent=\"#accordion-4187-1\" data-target=\"#88c5e29da1fc64c7a\" href=\"#88c5e29da1fc64c7a\"><span class=\"fusion-toggle-icon-wrapper\" aria-hidden=\"true\"><i class=\"fa-fusion-box\" aria-hidden=\"true\"><\/i><\/span><span class=\"fusion-toggle-heading\">Vrsta konstrukcije<\/span><\/a><\/h4><\/div><div id=\"88c5e29da1fc64c7a\" class=\"panel-collapse collapse in\"><div class=\"panel-body toggle-content fusion-clearfix\">\n<p>Predmet nate\u010daja so nove in prenovljene stavbe.<\/p>\n<\/div><\/div><\/div><div class=\"fusion-panel panel-default fusion-toggle-no-divider fusion-toggle-boxed-mode\"><div class=\"panel-heading\"><h4 class=\"panel-title toggle\"><a aria-expanded=\"false\" aria-controls=\"0fd7a977cfe25a463\" role=\"button\" data-toggle=\"collapse\" data-parent=\"#accordion-4187-1\" data-target=\"#0fd7a977cfe25a463\" href=\"#0fd7a977cfe25a463\"><span class=\"fusion-toggle-icon-wrapper\" aria-hidden=\"true\"><i class=\"fa-fusion-box\" aria-hidden=\"true\"><\/i><\/span><span class=\"fusion-toggle-heading\">Vrste objektov<\/span><\/a><\/h4><\/div><div id=\"0fd7a977cfe25a463\" class=\"panel-collapse collapse \"><div class=\"panel-body toggle-content fusion-clearfix\">\n<p>Kandidirati je mogo\u010de z vsemi vrstami objektov, kot so npr. objekti v zasebni lasti, javni objekti, objekti za opravljanje storitvenih in obrtnih dejavnosti, industrijski objekti, objekti za prosto\u010dasne in \u0161portno-rekreacijske dejavnosti, objekti za potrebe energetske oskrbe in odstranjevanja odpadkov.<\/p>\n<\/div><\/div><\/div><div class=\"fusion-panel panel-default fusion-toggle-no-divider fusion-toggle-boxed-mode\"><div class=\"panel-heading\"><h4 class=\"panel-title toggle\"><a aria-expanded=\"false\" aria-controls=\"a431464caab3bde7b\" role=\"button\" data-toggle=\"collapse\" data-parent=\"#accordion-4187-1\" data-target=\"#a431464caab3bde7b\" href=\"#a431464caab3bde7b\"><span class=\"fusion-toggle-icon-wrapper\" aria-hidden=\"true\"><i class=\"fa-fusion-box\" aria-hidden=\"true\"><\/i><\/span><span class=\"fusion-toggle-heading\">Obmo\u010dje Alpske konvencije<\/span><\/a><\/h4><\/div><div id=\"a431464caab3bde7b\" class=\"panel-collapse collapse \"><div class=\"panel-body toggle-content fusion-clearfix\">\n<p>Lokacija stavb mora biti znotraj obmo\u010dja veljavnosti Alpske konvencije (<a href=\"https:\/\/www.atlas.alpconv.org\/maps\/new?layer=geonode:Alpine_Convention_Perimeter_2018_v2&amp;view=True&amp;layer=geonode:Alpine_Convention_Perimeter_2018_v2\" target=\"_blank\" rel=\"noopener noreferrer\">\u00bb zemljevid<\/a>, <a href=\"http:\/\/www.constructivealps.net\/wp-content\/uploads\/2019\/12\/150120_PerimeterAK_vonAK.pdf\">seznam<\/a>).<\/p>\n<\/div><\/div><\/div><div class=\"fusion-panel panel-default fusion-toggle-no-divider fusion-toggle-boxed-mode\"><div class=\"panel-heading\"><h4 class=\"panel-title toggle\"><a aria-expanded=\"false\" aria-controls=\"90bcbe729a3df1c6d\" role=\"button\" data-toggle=\"collapse\" data-parent=\"#accordion-4187-1\" data-target=\"#90bcbe729a3df1c6d\" href=\"#90bcbe729a3df1c6d\"><span class=\"fusion-toggle-icon-wrapper\" aria-hidden=\"true\"><i class=\"fa-fusion-box\" aria-hidden=\"true\"><\/i><\/span><span class=\"fusion-toggle-heading\">Zaklju\u010dek gradnje objekta<\/span><\/a><\/h4><\/div><div id=\"90bcbe729a3df1c6d\" class=\"panel-collapse collapse \"><div class=\"panel-body toggle-content fusion-clearfix\">\n<p>Gradnja objekta je bila zaklju\u010dena v letih med 2017 in 2021.<\/p>\n<\/div><\/div><\/div><div class=\"fusion-panel panel-default fusion-toggle-no-divider fusion-toggle-boxed-mode\"><div class=\"panel-heading\"><h4 class=\"panel-title toggle\"><a aria-expanded=\"false\" aria-controls=\"6bb35a3744d9ec0ee\" role=\"button\" data-toggle=\"collapse\" data-parent=\"#accordion-4187-1\" data-target=\"#6bb35a3744d9ec0ee\" href=\"#6bb35a3744d9ec0ee\"><span class=\"fusion-toggle-icon-wrapper\" aria-hidden=\"true\"><i class=\"fa-fusion-box\" aria-hidden=\"true\"><\/i><\/span><span class=\"fusion-toggle-heading\">Kdo lahko kandidira?<\/span><\/a><\/h4><\/div><div id=\"6bb35a3744d9ec0ee\" class=\"panel-collapse collapse \"><div class=\"panel-body toggle-content fusion-clearfix\">\n<p>K predlo\u017eitvi kandidature so vabljeni arhitekti, investitorji, na\u010drtovalci ali upravljavci. Soglasje preostalih udele\u017eencev pri projektu je treba pridobiti pred predlo\u017eitvijo projekta; \u017eirija soglasij pozneje ne bo ve\u010d preverjala.<\/p>\n<\/div><\/div><\/div><div class=\"fusion-panel panel-default fusion-toggle-no-divider fusion-toggle-boxed-mode\"><div class=\"panel-heading\"><h4 class=\"panel-title toggle\"><a aria-expanded=\"false\" aria-controls=\"12c03e25d377b1700\" role=\"button\" data-toggle=\"collapse\" data-parent=\"#accordion-4187-1\" data-target=\"#12c03e25d377b1700\" href=\"#12c03e25d377b1700\"><span class=\"fusion-toggle-icon-wrapper\" aria-hidden=\"true\"><i class=\"fa-fusion-box\" aria-hidden=\"true\"><\/i><\/span><span class=\"fusion-toggle-heading\">Nagrade in priznanja<\/span><\/a><\/h4><\/div><div id=\"12c03e25d377b1700\" class=\"panel-collapse collapse \"><div class=\"panel-body toggle-content fusion-clearfix\">\n<p>Nagrade in priznanja prejmejo in\u0161titucije oz. podjetja, ki so bila poimensko navedena v prijavi.<\/p>\n<\/div><\/div><\/div><div class=\"fusion-panel panel-default fusion-toggle-no-divider fusion-toggle-boxed-mode\"><div class=\"panel-heading\"><h4 class=\"panel-title toggle\"><a aria-expanded=\"false\" aria-controls=\"00d4de2c86deadd6c\" role=\"button\" data-toggle=\"collapse\" data-parent=\"#accordion-4187-1\" data-target=\"#00d4de2c86deadd6c\" href=\"#00d4de2c86deadd6c\"><span class=\"fusion-toggle-icon-wrapper\" aria-hidden=\"true\"><i class=\"fa-fusion-box\" aria-hidden=\"true\"><\/i><\/span><span class=\"fusion-toggle-heading\">Prijava<\/span><\/a><\/h4><\/div><div id=\"00d4de2c86deadd6c\" class=\"panel-collapse collapse \"><div class=\"panel-body toggle-content fusion-clearfix\">\n<p>Prijavo je treba izpolniti v celoti in jo oddati v prijavnem roku.<\/p>\n<\/div><\/div><\/div><\/div><\/div><div class=\"fusion-clearfix\"><\/div><\/div><\/div><\/div><div class=\"fusion-clearfix\"><\/div><\/div><\/div><\/div><\/div><div class=\"fusion-fullwidth fullwidth-box fusion-builder-row-2 hundred-percent-fullwidth non-hundred-percent-height-scrolling fusion-no-large-visibility\" style=\"background-color: rgba(255,255,255,0);background-position: center center;background-repeat: no-repeat;padding-top:0%;padding-right:0%;padding-bottom:0%;padding-left:0%;margin-bottom: 0px;margin-top: 0px;border-width: 0px 0px 0px 0px;border-color:#eae9e9;border-style:solid;\" ><div class=\"fusion-builder-row fusion-row\"><div class=\"fusion-layout-column fusion_builder_column fusion-builder-column-1 fusion_builder_column_1_1 1_1 fusion-one-full fusion-column-first fusion-column-last\" style=\"margin-top:0%;margin-bottom:0%;\"><div class=\"fusion-column-wrapper fusion-flex-column-wrapper-legacy\" style=\"background-position:left top;background-repeat:no-repeat;-webkit-background-size:cover;-moz-background-size:cover;-o-background-size:cover;background-size:cover;background-color:#7eab52;padding: 3vh 6% 6% 6%;\"><style type=\"text\/css\"><\/style><div class=\"fusion-title title fusion-title-2 fusion-sep-none fusion-title-center fusion-title-text fusion-title-size-one\" style=\"margin-top:0px;margin-right:0px;margin-bottom:31px;margin-left:0px;\"><h1 class=\"title-heading-center\" style=\"margin:0;color:#000000;\">Merila za oddajo projektov<\/h1><\/div><style type=\"text\/css\">#accordion-4187-2 .fusion-panel:hover, #accordion-4187-2 .fusion-panel.hover{ background-color: #e4e4e4 } #accordion-4187-2 .fusion-panel { border-color:#919191; border-width:1px; background-color:#ffffff; }.fusion-accordian  #accordion-4187-2 .panel-title a .fa-fusion-box{ color: #ffffff;}.fusion-accordian  #accordion-4187-2 .panel-title a .fa-fusion-box:before{ font-size: 15px; width: 15px;}.fusion-accordian  #accordion-4187-2 .panel-title a{font-size:20px;}.fusion-accordian  #accordion-4187-2 .fa-fusion-box { background-color: #000000;border-color: #000000;}.fusion-accordian  #accordion-4187-2 .panel-title a:hover, #accordion-4187-2 .fusion-toggle-boxed-mode:hover .panel-title a { color: #7eab52;}.fusion-accordian  #accordion-4187-2 .panel-title .active .fa-fusion-box,.fusion-accordian  #accordion-4187-2 .panel-title a:hover .fa-fusion-box { background-color: #7eab52!important;border-color: #7eab52!important;}<\/style><div class=\"accordian fusion-accordian\"><div class=\"panel-group\" id=\"accordion-4187-2\"><div class=\"fusion-panel panel-default fusion-toggle-no-divider fusion-toggle-boxed-mode\"><div class=\"panel-heading\"><h4 class=\"panel-title toggle\"><a class=\"active\" aria-expanded=\"true\" aria-controls=\"d313ac7dc64c2ea92\" role=\"button\" data-toggle=\"collapse\" data-parent=\"#accordion-4187-2\" data-target=\"#d313ac7dc64c2ea92\" href=\"#d313ac7dc64c2ea92\"><span class=\"fusion-toggle-icon-wrapper\" aria-hidden=\"true\"><i class=\"fa-fusion-box\" aria-hidden=\"true\"><\/i><\/span><span class=\"fusion-toggle-heading\">Vrsta konstrukcije<\/span><\/a><\/h4><\/div><div id=\"d313ac7dc64c2ea92\" class=\"panel-collapse collapse in\"><div class=\"panel-body toggle-content fusion-clearfix\">\n<p>Predmet nate\u010daja so nove in prenovljene stavbe.<\/p>\n<\/div><\/div><\/div><div class=\"fusion-panel panel-default fusion-toggle-no-divider fusion-toggle-boxed-mode\"><div class=\"panel-heading\"><h4 class=\"panel-title toggle\"><a aria-expanded=\"false\" aria-controls=\"b15e9448bad9e43a1\" role=\"button\" data-toggle=\"collapse\" data-parent=\"#accordion-4187-2\" data-target=\"#b15e9448bad9e43a1\" href=\"#b15e9448bad9e43a1\"><span class=\"fusion-toggle-icon-wrapper\" aria-hidden=\"true\"><i class=\"fa-fusion-box\" aria-hidden=\"true\"><\/i><\/span><span class=\"fusion-toggle-heading\">Vrste objektov<\/span><\/a><\/h4><\/div><div id=\"b15e9448bad9e43a1\" class=\"panel-collapse collapse \"><div class=\"panel-body toggle-content fusion-clearfix\">\n<p>Kandidirati je mogo\u010de z vsemi vrstami objektov, kot so npr. objekti v zasebni lasti, javni objekti, objekti za opravljanje storitvenih in obrtnih dejavnosti, industrijski objekti, objekti za prosto\u010dasne in \u0161portno-rekreacijske dejavnosti, objekti za potrebe energetske oskrbe in odstranjevanja odpadkov.<\/p>\n<\/div><\/div><\/div><div class=\"fusion-panel panel-default fusion-toggle-no-divider fusion-toggle-boxed-mode\"><div class=\"panel-heading\"><h4 class=\"panel-title toggle\"><a aria-expanded=\"false\" aria-controls=\"3c7b8ec106117f7c4\" role=\"button\" data-toggle=\"collapse\" data-parent=\"#accordion-4187-2\" data-target=\"#3c7b8ec106117f7c4\" href=\"#3c7b8ec106117f7c4\"><span class=\"fusion-toggle-icon-wrapper\" aria-hidden=\"true\"><i class=\"fa-fusion-box\" aria-hidden=\"true\"><\/i><\/span><span class=\"fusion-toggle-heading\">Obmo\u010dje Alpske konvencije<\/span><\/a><\/h4><\/div><div id=\"3c7b8ec106117f7c4\" class=\"panel-collapse collapse \"><div class=\"panel-body toggle-content fusion-clearfix\">\n<p>Lokacija stavb mora biti znotraj obmo\u010dja veljavnosti Alpske konvencije (<a href=\"https:\/\/www.atlas.alpconv.org\/maps\/new?layer=geonode:Alpine_Convention_Perimeter_2018_v2&amp;view=True&amp;layer=geonode:Alpine_Convention_Perimeter_2018_v2\" target=\"_blank\" rel=\"noopener\">zemljevid<\/a>).<\/p>\n<\/div><\/div><\/div><div class=\"fusion-panel panel-default fusion-toggle-no-divider fusion-toggle-boxed-mode\"><div class=\"panel-heading\"><h4 class=\"panel-title toggle\"><a aria-expanded=\"false\" aria-controls=\"97e6117a04eff837f\" role=\"button\" data-toggle=\"collapse\" data-parent=\"#accordion-4187-2\" data-target=\"#97e6117a04eff837f\" href=\"#97e6117a04eff837f\"><span class=\"fusion-toggle-icon-wrapper\" aria-hidden=\"true\"><i class=\"fa-fusion-box\" aria-hidden=\"true\"><\/i><\/span><span class=\"fusion-toggle-heading\">Zaklju\u010dek gradnje objekta<\/span><\/a><\/h4><\/div><div id=\"97e6117a04eff837f\" class=\"panel-collapse collapse \"><div class=\"panel-body toggle-content fusion-clearfix\">\n<p>Gradnja objekta je bila zaklju\u010dena v letih med 2017 in 2021.<\/p>\n<\/div><\/div><\/div><div class=\"fusion-panel panel-default fusion-toggle-no-divider fusion-toggle-boxed-mode\"><div class=\"panel-heading\"><h4 class=\"panel-title toggle\"><a aria-expanded=\"false\" aria-controls=\"8810e5f02a9b7465e\" role=\"button\" data-toggle=\"collapse\" data-parent=\"#accordion-4187-2\" data-target=\"#8810e5f02a9b7465e\" href=\"#8810e5f02a9b7465e\"><span class=\"fusion-toggle-icon-wrapper\" aria-hidden=\"true\"><i class=\"fa-fusion-box\" aria-hidden=\"true\"><\/i><\/span><span class=\"fusion-toggle-heading\">Kdo lahko kandidira?<\/span><\/a><\/h4><\/div><div id=\"8810e5f02a9b7465e\" class=\"panel-collapse collapse \"><div class=\"panel-body toggle-content fusion-clearfix\">\n<p>K predlo\u017eitvi kandidature so vabljeni arhitekti, investitorji, na\u010drtovalci ali upravljavci. Soglasje preostalih udele\u017eencev pri projektu je treba pridobiti pred predlo\u017eitvijo projekta; \u017eirija soglasij pozneje ne bo ve\u010d preverjala.<\/p>\n<\/div><\/div><\/div><div class=\"fusion-panel panel-default fusion-toggle-no-divider fusion-toggle-boxed-mode\"><div class=\"panel-heading\"><h4 class=\"panel-title toggle\"><a aria-expanded=\"false\" aria-controls=\"89ab48730ef326b97\" role=\"button\" data-toggle=\"collapse\" data-parent=\"#accordion-4187-2\" data-target=\"#89ab48730ef326b97\" href=\"#89ab48730ef326b97\"><span class=\"fusion-toggle-icon-wrapper\" aria-hidden=\"true\"><i class=\"fa-fusion-box\" aria-hidden=\"true\"><\/i><\/span><span class=\"fusion-toggle-heading\">Nagrade in priznanja<\/span><\/a><\/h4><\/div><div id=\"89ab48730ef326b97\" class=\"panel-collapse collapse \"><div class=\"panel-body toggle-content fusion-clearfix\">\n<p>Nagrade in priznanja prejmejo in\u0161titucije oz. podjetja, ki so bila poimensko navedena v prijavi.<\/p>\n<\/div><\/div><\/div><div class=\"fusion-panel panel-default fusion-toggle-no-divider fusion-toggle-boxed-mode\"><div class=\"panel-heading\"><h4 class=\"panel-title toggle\"><a aria-expanded=\"false\" aria-controls=\"33567e0a75c686f83\" role=\"button\" data-toggle=\"collapse\" data-parent=\"#accordion-4187-2\" data-target=\"#33567e0a75c686f83\" href=\"#33567e0a75c686f83\"><span class=\"fusion-toggle-icon-wrapper\" aria-hidden=\"true\"><i class=\"fa-fusion-box\" aria-hidden=\"true\"><\/i><\/span><span class=\"fusion-toggle-heading\">Prijava<\/span><\/a><\/h4><\/div><div id=\"33567e0a75c686f83\" class=\"panel-collapse collapse \"><div class=\"panel-body toggle-content fusion-clearfix\">\n<p>Prijavo je treba izpolniti v celoti in jo oddati v prijavnem roku.<\/p>\n<\/div><\/div><\/div><\/div><\/div><div class=\"fusion-clearfix\"><\/div><\/div><\/div><\/div><\/div><\/p>\n","protected":false},"excerpt":{"rendered":"","protected":false},"author":1,"featured_media":0,"parent":0,"menu_order":0,"comment_status":"closed","ping_status":"closed","template":"100-width.php","meta":[],"yoast_head":"<!-- This site is optimized with the Yoast SEO plugin v16.1.1 - https:\/\/yoast.com\/wordpress\/plugins\/seo\/ -->\n<title>Kriterij | Constructive Alps<\/title>\n<link rel=\"canonical\" href=\"https:\/\/www.constructivealps.net\/sl\/kriterij\/\" \/>\n<meta property=\"og:locale\" content=\"sl_SI\" \/>\n<meta property=\"og:type\" content=\"article\" \/>\n<meta property=\"og:title\" content=\"Kriterij | Constructive Alps\" \/>\n<meta property=\"og:url\" content=\"https:\/\/www.constructivealps.net\/sl\/kriterij\/\" \/>\n<meta property=\"og:site_name\" content=\"Constructive Alps\" \/>\n<meta property=\"article:publisher\" content=\"https:\/\/web.facebook.com\/ConstructiveAlps\/\" \/>\n<meta property=\"article:modified_time\" content=\"2021-11-11T12:08:43+00:00\" \/>\n<meta name=\"twitter:card\" content=\"summary_large_image\" \/>\n<meta name=\"twitter:label1\" content=\"Est. reading time\">\n\t<meta name=\"twitter:data1\" content=\"3 minute\">\n<script type=\"application\/ld+json\" class=\"yoast-schema-graph\">{\"@context\":\"https:\/\/schema.org\",\"@graph\":[{\"@type\":\"Organization\",\"@id\":\"https:\/\/www.constructivealps.net\/#organization\",\"name\":\"Constructive Alps\",\"url\":\"https:\/\/www.constructivealps.net\/\",\"sameAs\":[\"https:\/\/web.facebook.com\/ConstructiveAlps\/\",\"https:\/\/instagram.com\/constructivealps\/\",\"https:\/\/www.pinterest.de\/ConstructiveA\/\"],\"logo\":{\"@type\":\"ImageObject\",\"@id\":\"https:\/\/www.constructivealps.net\/#logo\",\"inLanguage\":\"sl-SI\",\"url\":null,\"contentUrl\":null,\"width\":null,\"height\":null,\"caption\":\"Constructive Alps\"},\"image\":{\"@id\":\"https:\/\/www.constructivealps.net\/#logo\"}},{\"@type\":\"WebSite\",\"@id\":\"https:\/\/www.constructivealps.net\/#website\",\"url\":\"https:\/\/www.constructivealps.net\/\",\"name\":\"Constructive Alps\",\"description\":\"Internationaler Preis f\\u00fcr nachhaltiges Sanieren und Bauen in den Alpen\",\"publisher\":{\"@id\":\"https:\/\/www.constructivealps.net\/#organization\"},\"potentialAction\":[{\"@type\":\"SearchAction\",\"target\":\"https:\/\/www.constructivealps.net\/?s={search_term_string}\",\"query-input\":\"required name=search_term_string\"}],\"inLanguage\":\"sl-SI\"},{\"@type\":\"WebPage\",\"@id\":\"https:\/\/www.constructivealps.net\/sl\/kriterij\/#webpage\",\"url\":\"https:\/\/www.constructivealps.net\/sl\/kriterij\/\",\"name\":\"Kriterij | Constructive Alps\",\"isPartOf\":{\"@id\":\"https:\/\/www.constructivealps.net\/#website\"},\"datePublished\":\"2019-12-08T18:41:43+00:00\",\"dateModified\":\"2021-11-11T12:08:43+00:00\",\"breadcrumb\":{\"@id\":\"https:\/\/www.constructivealps.net\/sl\/kriterij\/#breadcrumb\"},\"inLanguage\":\"sl-SI\",\"potentialAction\":[{\"@type\":\"ReadAction\",\"target\":[\"https:\/\/www.constructivealps.net\/sl\/kriterij\/\"]}]},{\"@type\":\"BreadcrumbList\",\"@id\":\"https:\/\/www.constructivealps.net\/sl\/kriterij\/#breadcrumb\",\"itemListElement\":[{\"@type\":\"ListItem\",\"position\":1,\"item\":{\"@type\":\"WebPage\",\"@id\":\"https:\/\/www.constructivealps.net\/sl\/\",\"url\":\"https:\/\/www.constructivealps.net\/sl\/\",\"name\":\"Startseite\"}},{\"@type\":\"ListItem\",\"position\":2,\"item\":{\"@type\":\"WebPage\",\"@id\":\"https:\/\/www.constructivealps.net\/sl\/kriterij\/\",\"url\":\"https:\/\/www.constructivealps.net\/sl\/kriterij\/\",\"name\":\"Kriterij\"}}]}]}<\/script>\n<!-- \/ Yoast SEO plugin. -->","_links":{"self":[{"href":"https:\/\/www.constructivealps.net\/sl\/wp-json\/wp\/v2\/pages\/4187"}],"collection":[{"href":"https:\/\/www.constructivealps.net\/sl\/wp-json\/wp\/v2\/pages"}],"about":[{"href":"https:\/\/www.constructivealps.net\/sl\/wp-json\/wp\/v2\/types\/page"}],"author":[{"embeddable":true,"href":"https:\/\/www.constructivealps.net\/sl\/wp-json\/wp\/v2\/users\/1"}],"replies":[{"embeddable":true,"href":"https:\/\/www.constructivealps.net\/sl\/wp-json\/wp\/v2\/comments?post=4187"}],"version-history":[{"count":4,"href":"https:\/\/www.constructivealps.net\/sl\/wp-json\/wp\/v2\/pages\/4187\/revisions"}],"predecessor-version":[{"id":8754,"href":"https:\/\/www.constructivealps.net\/sl\/wp-json\/wp\/v2\/pages\/4187\/revisions\/8754"}],"wp:attachment":[{"href":"https:\/\/www.constructivealps.net\/sl\/wp-json\/wp\/v2\/media?parent=4187"}],"curies":[{"name":"wp","href":"https:\/\/api.w.org\/{rel}","templated":true}]}}